{"id":3103,"date":"2016-08-02T22:02:47","date_gmt":"2016-08-02T21:02:47","guid":{"rendered":"http:\/\/blog.walleriana.com\/?page_id=3103"},"modified":"2020-11-13T14:38:04","modified_gmt":"2020-11-13T13:38:04","slug":"mentions-legales","status":"publish","type":"page","link":"https:\/\/www.walleriana.com\/mag\/mentions-legales\/","title":{"rendered":"Mentions l\u00e9gales"},"content":{"rendered":"<div id=\"columns\" class=\"\">\n<div class=\"row parent\">\n<div id=\"center_column\" class=\"column col-12-12\">\n<div class=\"rte normalized\">\n<h2 style=\"text-align: justify;\">Acc\u00e8s et consultation des sites<\/h2>\n<p style=\"text-align: justify;\">L\u2019acc\u00e8s aux sites ainsi que leur consultation supposent acceptation pleine, enti\u00e8re et sans r\u00e9serve des Conditions G\u00e9n\u00e9rales d\u2019Utilisation\/de Vente et de la <a href=\"https:\/\/mag.walleriana.com\/politique-de-confidentialite\/\" target=\"_blank\" rel=\"noopener noreferrer\">Politique de Confidentialit\u00e9<\/a>.<\/p>\n<h2 style=\"text-align: justify;\">Informations sur l\u2019\u00e9diteur<\/h2>\n<p style=\"text-align: justify;\">Walleriana est une marque fran\u00e7aise, s&rsquo;adressant \u00e0 toute personne sujette \u00e0 des troubles l\u00e9gers de la circulation veineuse. Lanc\u00e9e en d\u00e9cembre 2014,\u00a0Walleriana propose des produits (collants, chaussettes et bas bien-\u00eatre \u00e0 compression douce, accessoires bien-\u00eatre) tendances et confortables avec pour objectif principal la pr\u00e9vention des risques li\u00e9s \u00e0 l&rsquo;insuffisance veineuse.<\/p>\n<p style=\"text-align: justify;\">Les sites \u00ab\u00a0<a href=\"https:\/\/walleriana.com\/\" target=\"_blank\" rel=\"noopener noreferrer\">walleriana.com<\/a>\u00a0\u00bb et \u00ab\u00a0<a href=\"https:\/\/mag.walleriana.com\/\" target=\"_blank\" rel=\"noopener noreferrer\">blog.walleriana.com<\/a>\u00a0\u00bb\u00a0sont \u00e9dit\u00e9s par\u00a0:<\/p>\n<p style=\"text-align: justify;\"><strong>Walleriana<\/strong><\/p>\n<p style=\"text-align: justify;\">26 rue Anderemarienea<\/p>\n<p style=\"text-align: justify;\">64500 Saint Jean de Luz<\/p>\n<p style=\"text-align: justify;\">N\u00b0 RCS de Paris : 795 193 648 00040<\/p>\n<p style=\"text-align: justify;\">Mail\u00a0: <a href=\"mailto:contact@walleriana.com\">contact@walleriana.com<\/a><\/p>\n<p style=\"text-align: justify;\">N\u00b0 de TVA intracommunautaire : FR10 79519364800032<\/p>\n<p style=\"text-align: justify;\">N\u00b0 de d\u00e9claration CNIL effectu\u00e9e le 4\/12\/2014\u00a0: 1816281 v 0<\/p>\n<h2 style=\"text-align: justify;\">Directrice de la publication<\/h2>\n<p style=\"text-align: justify;\">Juliette de Feraudy<\/p>\n<p style=\"text-align: justify;\"><a href=\"mailto:juliette@walleriana.com\">juliette@walleriana.com<\/a><\/p>\n<h2 style=\"text-align: justify;\">H\u00e9bergeur des sites<\/h2>\n<p style=\"text-align: justify;\">Les sites \u00ab\u00a0<a href=\"https:\/\/walleriana.com\/\" target=\"_blank\" rel=\"noopener noreferrer\">walleriana.com<\/a>\u00a0\u00bb et \u00ab\u00a0<a href=\"https:\/\/mag.walleriana.com\/\" target=\"_blank\" rel=\"noopener noreferrer\">blog.walleriana.com<\/a>\u00a0\u00bb\u00a0sont h\u00e9berg\u00e9s par\u00a0:<\/p>\n<p style=\"text-align: justify;\"><strong>OVH<\/strong><\/p>\n<p style=\"text-align: justify;\">SAS au capital de 10\u00a0069\u00a0020\u00a0\u20ac<br \/>\nRCS Lille M\u00e9tropole 424 761 419 00045<br \/>\nCode APE 2620Z<br \/>\nN\u00b0 TVA : FR 22 424 761 419<br \/>\nSi\u00e8ge social : 2 rue Kellermann &#8211; 59100 Roubaix &#8211; France.<\/p>\n<\/div>\n<\/div>\n<\/div>\n<\/div>\n","protected":false},"excerpt":{"rendered":"<p>Acc\u00e8s et consultation des sites L\u2019acc\u00e8s aux sites ainsi que leur consultation supposent acceptation pleine, enti\u00e8re et sans r\u00e9serve des&#8230;<\/p>\n","protected":false},"author":1,"featured_media":0,"parent":0,"menu_order":0,"comment_status":"closed","ping_status":"closed","template":"","meta":{"rop_custom_images_group":[],"rop_custom_messages_group":[],"rop_publish_now":"initial","rop_publish_now_accounts":[],"rop_publish_now_history":[],"rop_publish_now_status":"pending"},"yoast_head":"<!-- This site is optimized with the Yoast SEO Premium plugin v18.6 (Yoast SEO v19.2) - https:\/\/yoast.com\/wordpress\/plugins\/seo\/ -->\n<title>Mentions l\u00e9gales - Libella - Le Mag<\/title>\n<meta name=\"robots\" content=\"index, follow, max-snippet:-1, max-image-preview:large, max-video-preview:-1\" \/>\n<link rel=\"canonical\" href=\"https:\/\/www.walleriana.com\/mag\/mentions-legales\/\" \/>\n<meta property=\"og:locale\" content=\"fr_FR\" \/>\n<meta property=\"og:type\" content=\"article\" \/>\n<meta property=\"og:title\" content=\"Mentions l\u00e9gales\" \/>\n<meta property=\"og:description\" content=\"Acc\u00e8s et consultation des sites L\u2019acc\u00e8s aux sites ainsi que leur consultation supposent acceptation pleine, enti\u00e8re et sans r\u00e9serve des Conditions\" \/>\n<meta property=\"og:url\" content=\"https:\/\/www.walleriana.com\/mag\/mentions-legales\/\" \/>\n<meta property=\"og:site_name\" content=\"Libella - Le Mag\" \/>\n<meta property=\"article:modified_time\" content=\"2020-11-13T13:38:04+00:00\" \/>\n<meta name=\"author\" content=\"Juliette - Walleriana\" \/>\n<meta name=\"twitter:label1\" content=\"Dur\u00e9e de lecture estim\u00e9e\" \/>\n\t<meta name=\"twitter:data1\" content=\"1 minute\" \/>\n<script type=\"application\/ld+json\" class=\"yoast-schema-graph\">{\"@context\":\"https:\/\/schema.org\",\"@graph\":[{\"@type\":\"Organization\",\"@id\":\"https:\/\/www.walleriana.com\/mag\/#organization\",\"name\":\"Walleriana\",\"url\":\"https:\/\/www.walleriana.com\/mag\/\",\"sameAs\":[],\"logo\":{\"@type\":\"ImageObject\",\"inLanguage\":\"fr-FR\",\"@id\":\"https:\/\/www.walleriana.com\/mag\/#\/schema\/logo\/image\/\",\"url\":\"https:\/\/walleriana.com\/mag\/wp-content\/uploads\/2021\/05\/Favicon-Walleriana.jpg\",\"contentUrl\":\"https:\/\/walleriana.com\/mag\/wp-content\/uploads\/2021\/05\/Favicon-Walleriana.jpg\",\"width\":496,\"height\":317,\"caption\":\"Walleriana\"},\"image\":{\"@id\":\"https:\/\/www.walleriana.com\/mag\/#\/schema\/logo\/image\/\"}},{\"@type\":\"WebSite\",\"@id\":\"https:\/\/www.walleriana.com\/mag\/#website\",\"url\":\"https:\/\/www.walleriana.com\/mag\/\",\"name\":\"Libella - Le Mag\",\"description\":\"Le Mag bien-\u00eatre &amp; style des jambes l\u00e9g\u00e8res\",\"publisher\":{\"@id\":\"https:\/\/www.walleriana.com\/mag\/#organization\"},\"potentialAction\":[{\"@type\":\"SearchAction\",\"target\":{\"@type\":\"EntryPoint\",\"urlTemplate\":\"https:\/\/www.walleriana.com\/mag\/?s={search_term_string}\"},\"query-input\":\"required name=search_term_string\"}],\"inLanguage\":\"fr-FR\"},{\"@type\":\"WebPage\",\"@id\":\"https:\/\/www.walleriana.com\/mag\/mentions-legales\/#webpage\",\"url\":\"https:\/\/www.walleriana.com\/mag\/mentions-legales\/\",\"name\":\"Mentions l\u00e9gales - Libella - Le Mag\",\"isPartOf\":{\"@id\":\"https:\/\/www.walleriana.com\/mag\/#website\"},\"datePublished\":\"2016-08-02T21:02:47+00:00\",\"dateModified\":\"2020-11-13T13:38:04+00:00\",\"breadcrumb\":{\"@id\":\"https:\/\/www.walleriana.com\/mag\/mentions-legales\/#breadcrumb\"},\"inLanguage\":\"fr-FR\",\"potentialAction\":[{\"@type\":\"ReadAction\",\"target\":[\"https:\/\/www.walleriana.com\/mag\/mentions-legales\/\"]}]},{\"@type\":\"BreadcrumbList\",\"@id\":\"https:\/\/www.walleriana.com\/mag\/mentions-legales\/#breadcrumb\",\"itemListElement\":[{\"@type\":\"ListItem\",\"position\":1,\"name\":\"Le mag walleriana\",\"item\":\"https:\/\/www.walleriana.com\/mag\/\"},{\"@type\":\"ListItem\",\"position\":2,\"name\":\"Mentions l\u00e9gales\"}]}]}<\/script>\n<!-- \/ Yoast SEO Premium plugin. -->","yoast_head_json":{"title":"Mentions l\u00e9gales - Libella - Le Mag","robots":{"index":"index","follow":"follow","max-snippet":"max-snippet:-1","max-image-preview":"max-image-preview:large","max-video-preview":"max-video-preview:-1"},"canonical":"https:\/\/www.walleriana.com\/mag\/mentions-legales\/","og_locale":"fr_FR","og_type":"article","og_title":"Mentions l\u00e9gales","og_description":"Acc\u00e8s et consultation des sites L\u2019acc\u00e8s aux sites ainsi que leur consultation supposent acceptation pleine, enti\u00e8re et sans r\u00e9serve des Conditions","og_url":"https:\/\/www.walleriana.com\/mag\/mentions-legales\/","og_site_name":"Libella - Le Mag","article_modified_time":"2020-11-13T13:38:04+00:00","author":"Juliette - Walleriana","twitter_misc":{"Dur\u00e9e de lecture estim\u00e9e":"1 minute"},"schema":{"@context":"https:\/\/schema.org","@graph":[{"@type":"Organization","@id":"https:\/\/www.walleriana.com\/mag\/#organization","name":"Walleriana","url":"https:\/\/www.walleriana.com\/mag\/","sameAs":[],"logo":{"@type":"ImageObject","inLanguage":"fr-FR","@id":"https:\/\/www.walleriana.com\/mag\/#\/schema\/logo\/image\/","url":"https:\/\/walleriana.com\/mag\/wp-content\/uploads\/2021\/05\/Favicon-Walleriana.jpg","contentUrl":"https:\/\/walleriana.com\/mag\/wp-content\/uploads\/2021\/05\/Favicon-Walleriana.jpg","width":496,"height":317,"caption":"Walleriana"},"image":{"@id":"https:\/\/www.walleriana.com\/mag\/#\/schema\/logo\/image\/"}},{"@type":"WebSite","@id":"https:\/\/www.walleriana.com\/mag\/#website","url":"https:\/\/www.walleriana.com\/mag\/","name":"Libella - Le Mag","description":"Le Mag bien-\u00eatre &amp; style des jambes l\u00e9g\u00e8res","publisher":{"@id":"https:\/\/www.walleriana.com\/mag\/#organization"},"potentialAction":[{"@type":"SearchAction","target":{"@type":"EntryPoint","urlTemplate":"https:\/\/www.walleriana.com\/mag\/?s={search_term_string}"},"query-input":"required name=search_term_string"}],"inLanguage":"fr-FR"},{"@type":"WebPage","@id":"https:\/\/www.walleriana.com\/mag\/mentions-legales\/#webpage","url":"https:\/\/www.walleriana.com\/mag\/mentions-legales\/","name":"Mentions l\u00e9gales - Libella - Le Mag","isPartOf":{"@id":"https:\/\/www.walleriana.com\/mag\/#website"},"datePublished":"2016-08-02T21:02:47+00:00","dateModified":"2020-11-13T13:38:04+00:00","breadcrumb":{"@id":"https:\/\/www.walleriana.com\/mag\/mentions-legales\/#breadcrumb"},"inLanguage":"fr-FR","potentialAction":[{"@type":"ReadAction","target":["https:\/\/www.walleriana.com\/mag\/mentions-legales\/"]}]},{"@type":"BreadcrumbList","@id":"https:\/\/www.walleriana.com\/mag\/mentions-legales\/#breadcrumb","itemListElement":[{"@type":"ListItem","position":1,"name":"Le mag walleriana","item":"https:\/\/www.walleriana.com\/mag\/"},{"@type":"ListItem","position":2,"name":"Mentions l\u00e9gales"}]}]}},"_links":{"self":[{"href":"https:\/\/www.walleriana.com\/mag\/wp-json\/wp\/v2\/pages\/3103"}],"collection":[{"href":"https:\/\/www.walleriana.com\/mag\/wp-json\/wp\/v2\/pages"}],"about":[{"href":"https:\/\/www.walleriana.com\/mag\/wp-json\/wp\/v2\/types\/page"}],"author":[{"embeddable":true,"href":"https:\/\/www.walleriana.com\/mag\/wp-json\/wp\/v2\/users\/1"}],"replies":[{"embeddable":true,"href":"https:\/\/www.walleriana.com\/mag\/wp-json\/wp\/v2\/comments?post=3103"}],"version-history":[{"count":4,"href":"https:\/\/www.walleriana.com\/mag\/wp-json\/wp\/v2\/pages\/3103\/revisions"}],"predecessor-version":[{"id":4529,"href":"https:\/\/www.walleriana.com\/mag\/wp-json\/wp\/v2\/pages\/3103\/revisions\/4529"}],"wp:attachment":[{"href":"https:\/\/www.walleriana.com\/mag\/wp-json\/wp\/v2\/media?parent=3103"}],"curies":[{"name":"wp","href":"https:\/\/api.w.org\/{rel}","templated":true}]}}